{"id":19,"date":"2023-04-26T20:26:18","date_gmt":"2023-04-26T17:26:18","guid":{"rendered":"https:\/\/fanbage.tepish.net\/reality\/?page_id=19"},"modified":"2023-04-26T20:50:58","modified_gmt":"2023-04-26T17:50:58","slug":"amazing-race","status":"publish","type":"page","link":"https:\/\/fanbage.tepish.net\/reality\/index.php\/amazing-race\/","title":{"rendered":"AMAZING RACE"},"content":{"rendered":"\t\t<div data-elementor-type=\"wp-page\" data-elementor-id=\"19\" class=\"elementor elementor-19\">\n\t\t\t\t\t\t\t\t\t<section class=\"elementor-section elementor-top-section elementor-element elementor-element-ca8a4d9 elementor-section-boxed elementor-section-height-default elementor-section-height-default\" data-id=\"ca8a4d9\" data-element_type=\"section\" data-settings=\"{&quot;background_background&quot;:&quot;classic&quot;,&quot;_ha_eqh_enable&quot;:false}\">\n\t\t\t\t\t\t<div class=\"elementor-container elementor-column-gap-default\">\n\t\t\t\t\t<div class=\"elementor-column elementor-col-100 elementor-top-column elementor-element elementor-element-3812dcf\" data-id=\"3812dcf\" data-element_type=\"column\">\n\t\t\t<div class=\"elementor-widget-wrap elementor-element-populated\">\n\t\t\t\t\t\t\t\t<div class=\"elementor-element elementor-element-6c138b1 elementor-position-top elementor-vertical-align-top elementor-widget elementor-widget-image-box\" data-id=\"6c138b1\" data-element_type=\"widget\" data-widget_type=\"image-box.default\">\n\t\t\t\t<div class=\"elementor-widget-container\">\n\t\t\t<style>\/*! elementor - v3.12.2 - 23-04-2023 *\/\n.elementor-widget-image-box .elementor-image-box-content{width:100%}@media (min-width:768px){.elementor-widget-image-box.elementor-position-left .elementor-image-box-wrapper,.elementor-widget-image-box.elementor-position-right .elementor-image-box-wrapper{display:flex}.elementor-widget-image-box.elementor-position-right .elementor-image-box-wrapper{text-align:right;flex-direction:row-reverse}.elementor-widget-image-box.elementor-position-left .elementor-image-box-wrapper{text-align:left;flex-direction:row}.elementor-widget-image-box.elementor-position-top .elementor-image-box-img{margin:auto}.elementor-widget-image-box.elementor-vertical-align-top .elementor-image-box-wrapper{align-items:flex-start}.elementor-widget-image-box.elementor-vertical-align-middle .elementor-image-box-wrapper{align-items:center}.elementor-widget-image-box.elementor-vertical-align-bottom .elementor-image-box-wrapper{align-items:flex-end}}@media (max-width:767px){.elementor-widget-image-box .elementor-image-box-img{margin-left:auto!important;margin-right:auto!important;margin-bottom:15px}}.elementor-widget-image-box .elementor-image-box-img{display:inline-block}.elementor-widget-image-box .elementor-image-box-title a{color:inherit}.elementor-widget-image-box .elementor-image-box-wrapper{text-align:center}.elementor-widget-image-box .elementor-image-box-description{margin:0}<\/style><div class=\"elementor-image-box-wrapper\"><figure class=\"elementor-image-box-img\"><img decoding=\"async\" width=\"1920\" height=\"1080\" src=\"https:\/\/fanbage.tepish.net\/reality\/wp-content\/uploads\/2023\/04\/AR.png\" class=\"attachment-full size-full wp-image-9\" alt=\"\" loading=\"lazy\" srcset=\"https:\/\/fanbage.tepish.net\/reality\/wp-content\/uploads\/2023\/04\/AR.png 1920w, https:\/\/fanbage.tepish.net\/reality\/wp-content\/uploads\/2023\/04\/AR-300x169.png 300w, https:\/\/fanbage.tepish.net\/reality\/wp-content\/uploads\/2023\/04\/AR-1024x576.png 1024w, https:\/\/fanbage.tepish.net\/reality\/wp-content\/uploads\/2023\/04\/AR-768x432.png 768w, https:\/\/fanbage.tepish.net\/reality\/wp-content\/uploads\/2023\/04\/AR-1536x864.png 1536w\" sizes=\"(max-width: 1920px) 100vw, 1920px\" \/><\/figure><div class=\"elementor-image-box-content\"><div class=\"elementor-image-box-title\">Original\/Suomi<\/div><p class=\"elementor-image-box-description\">Amazing Race ohjelma jossa kierret\u00e4\u00e4n ymp\u00e4ri maailmaa erilaisin teht\u00e4vin ja juonenk\u00e4\u00e4ntein.<\/p><\/div><\/div>\t\t<\/div>\n\t\t\t\t<\/div>\n\t\t\t\t\t<\/div>\n\t\t<\/div>\n\t\t\t\t\t\t\t<\/div>\n\t\t<\/section>\n\t\t\t\t<section class=\"elementor-section elementor-top-section elementor-element elementor-element-a471956 elementor-section-boxed elementor-section-height-default elementor-section-height-default\" data-id=\"a471956\" data-element_type=\"section\" data-settings=\"{&quot;background_background&quot;:&quot;classic&quot;,&quot;_ha_eqh_enable&quot;:false}\">\n\t\t\t\t\t\t<div class=\"elementor-container elementor-column-gap-default\">\n\t\t\t\t\t<div class=\"elementor-column elementor-col-100 elementor-top-column elementor-element elementor-element-c40073e\" data-id=\"c40073e\" data-element_type=\"column\">\n\t\t\t<div class=\"elementor-widget-wrap elementor-element-populated\">\n\t\t\t\t\t\t\t\t<div class=\"elementor-element elementor-element-a4b7d32 elementor-widget elementor-widget-text-editor\" data-id=\"a4b7d32\" data-element_type=\"widget\" data-widget_type=\"text-editor.default\">\n\t\t\t\t<div class=\"elementor-widget-container\">\n\t\t\t<style>\/*! elementor - v3.12.2 - 23-04-2023 *\/\n.elementor-widget-text-editor.elementor-drop-cap-view-stacked .elementor-drop-cap{background-color:#69727d;color:#fff}.elementor-widget-text-editor.elementor-drop-cap-view-framed .elementor-drop-cap{color:#69727d;border:3px solid;background-color:transparent}.elementor-widget-text-editor:not(.elementor-drop-cap-view-default) .elementor-drop-cap{margin-top:8px}.elementor-widget-text-editor:not(.elementor-drop-cap-view-default) .elementor-drop-cap-letter{width:1em;height:1em}.elementor-widget-text-editor .elementor-drop-cap{float:left;text-align:center;line-height:1;font-size:50px}.elementor-widget-text-editor .elementor-drop-cap-letter{display:inline-block}<\/style>\t\t\t\t<p>Amazing Race lyhyesti<\/p><p>Kisa ymp\u00e4ri maailmaa l\u00e4htee jostakin kotimaan kaupungista ja kilpailun aluksi katsojille esitell\u00e4\u00e4n osallistuvat parit. Kilpailu k\u00e4yd\u00e4\u00e4n siis pareittain (joilla on jokin side kesken\u00e4\u00e4n), mutta joskus osa pareista tekee yhteisty\u00f6t\u00e4 kesken\u00e4\u00e4n.<\/p><p>Yleisesti original versiossa on joitain poikkeuksia lukuunottamatta kisaillut 11 paria, jotka tippuvat pikkuhiljaa kisasta tulemalla Pit Stopille eli varikolle viimeisen\u00e4. Kisassa on yleens\u00e4 muutama non elimination kohtia, jolloin kukaan ei tipu, mutta saavat ylim\u00e4\u00e4r\u00e4ist\u00e4 vaivaa seuraavalle etapilleen.<\/p><p>Pelaajat voivat saada matkan varrella helpotuksia esimerkiksi pikapassin voittamalla, taikka ehtim\u00e4ll\u00e4 ensin v\u00e4ist\u00e4mispakolle ja pakottaa toinen joukkue odottamaan tovin.<\/p><p>Matkanvarrella on teht\u00e4vi\u00e4, joista osa on tiesulkuja, joiden teht\u00e4v\u00e4n tekee vain toinen kilpailijoiden valitsema osallistuja. Kiertotiess\u00e4 on kaksi vaihtoehtoa ja voi valita kumman molemmat kilpailijat yritt\u00e4v\u00e4t suorittaa, teht\u00e4v\u00e4\u00e4 voi my\u00f6s vaihtaa.<\/p><p>V\u00e4ist\u00e4mispakko muuttui my\u00f6hemmin U-k\u00e4\u00e4nn\u00f6kseen, eli voi pakottaa toisen joukkueen suorittamaan molemmat kiertotien teht\u00e4v\u00e4t. N\u00e4it\u00e4 on kisassa vain muutama ja niist\u00e4 tulee etuk\u00e4teen varoitus.<\/p><p>Saavuttuaan varikolle ja saatuaan tiedon siit\u00e4 monesko on, ja sen ettei eliminoidu kilpailijat y\u00f6pyv\u00e4t hotellissa, kunnes taas aamulla jatkavat matkaa yleens\u00e4 uuteen maahan ja siell\u00e4 olevaan kohteeseen vihjeen peruusteella.<\/p><p>Kun j\u00e4ljell\u00e4 on en\u00e4\u00e4 muutama pari, yleens\u00e4 nelj\u00e4, alkaa kilpailun finaali. Finaalissa yleens\u00e4 on haastavia teht\u00e4vi\u00e4 ja menneen kauden kertaamista jossakin muodossa. Kun kaikki teht\u00e4v\u00e4t on ratkottu p\u00e4\u00e4see juoksemaan maaliin, jonne ensimm\u00e4isen\u00e4 tullut pari jakaa palkintopotin, joka originalissa on yleens\u00e4 miljoona dollaria.<\/p>\t\t\t\t\t\t<\/div>\n\t\t\t\t<\/div>\n\t\t\t\t\t<\/div>\n\t\t<\/div>\n\t\t\t\t\t\t\t<\/div>\n\t\t<\/section>\n\t\t\t\t<section class=\"elementor-section elementor-top-section elementor-element elementor-element-ad697f8 elementor-section-boxed elementor-section-height-default elementor-section-height-default\" data-id=\"ad697f8\" data-element_type=\"section\" data-settings=\"{&quot;background_background&quot;:&quot;classic&quot;,&quot;_ha_eqh_enable&quot;:false}\">\n\t\t\t\t\t\t<div class=\"elementor-container elementor-column-gap-default\">\n\t\t\t\t\t<div class=\"elementor-column elementor-col-100 elementor-top-column elementor-element elementor-element-b6c3203\" data-id=\"b6c3203\" data-element_type=\"column\">\n\t\t\t<div class=\"elementor-widget-wrap elementor-element-populated\">\n\t\t\t\t\t\t\t\t<div class=\"elementor-element elementor-element-7de44d9 elementor-widget elementor-widget-text-editor\" data-id=\"7de44d9\" data-element_type=\"widget\" data-widget_type=\"text-editor.default\">\n\t\t\t\t<div class=\"elementor-widget-container\">\n\t\t\t\t\t\t\t<p>Oma Amazing Race historia:<\/p><p>Olen itse varmaan katsonut kaikki Suomessa esitetyt Phil Keoghanin juontamat original versiot. Suomen vierailut aikanaan oli todella mielenkiitoista katsoa. T\u00e4ss\u00e4 ohjelmassa on vain jotain joka laittaa katsomaan kaudesta toiseen.<\/p><p>En osaa sanoa mik\u00e4 t\u00e4ss\u00e4 on se juttu, mutta t\u00e4t\u00e4 on vain viihdytt\u00e4v\u00e4\u00e4 seurata miten ihmiset sekoilevat ymp\u00e4ri maailmaa ja tekev\u00e4t haastavia teht\u00e4vi\u00e4. Suomalaista versiosta aiheesta on odotettu jo niin pitk\u00e4\u00e4n, ett\u00e4 oikeastaan ei en\u00e4\u00e4 sit\u00e4 jaksanut edes toivoa, kun kev\u00e4\u00e4ll\u00e4 2023 tuli tieto Nelonen median hankkeesta tehd\u00e4 t\u00e4st\u00e4 kotimainen versio&#8230; Toivottavasti sit\u00e4 ei s\u00f6ssit\u00e4 mitenk\u00e4\u00e4n, sill\u00e4 kuten sanottu t\u00e4m\u00e4 on erinomainen formaatti.<\/p>\t\t\t\t\t\t<\/div>\n\t\t\t\t<\/div>\n\t\t\t\t\t<\/div>\n\t\t<\/div>\n\t\t\t\t\t\t\t<\/div>\n\t\t<\/section>\n\t\t\t\t\t\t\t<\/div>\n\t\t","protected":false},"excerpt":{"rendered":"<p>Original\/Suomi Amazing Race ohjelma jossa kierret\u00e4\u00e4n ymp\u00e4ri maailmaa erilaisin teht\u00e4vin ja juonenk\u00e4\u00e4ntein. Amazing Race lyhyesti Kisa ymp\u00e4ri maailmaa l\u00e4htee jostakin kotimaan kaupungista ja kilpailun aluksi katsojille esitell\u00e4\u00e4n osallistuvat parit. Kilpailu k\u00e4yd\u00e4\u00e4n siis pareittain (joilla on jokin side kesken\u00e4\u00e4n), mutta joskus osa pareista tekee yhteisty\u00f6t\u00e4 kesken\u00e4\u00e4n. Yleisesti original versiossa on joitain poikkeuksia lukuunottamatta kisaillut 11 paria, [&hellip;]<\/p>\n","protected":false},"author":1,"featured_media":0,"parent":0,"menu_order":0,"comment_status":"closed","ping_status":"closed","template":"","meta":[],"_links":{"self":[{"href":"https:\/\/fanbage.tepish.net\/reality\/index.php\/wp-json\/wp\/v2\/pages\/19"}],"collection":[{"href":"https:\/\/fanbage.tepish.net\/reality\/index.php\/wp-json\/wp\/v2\/pages"}],"about":[{"href":"https:\/\/fanbage.tepish.net\/reality\/index.php\/wp-json\/wp\/v2\/types\/page"}],"author":[{"embeddable":true,"href":"https:\/\/fanbage.tepish.net\/reality\/index.php\/wp-json\/wp\/v2\/users\/1"}],"replies":[{"embeddable":true,"href":"https:\/\/fanbage.tepish.net\/reality\/index.php\/wp-json\/wp\/v2\/comments?post=19"}],"version-history":[{"count":4,"href":"https:\/\/fanbage.tepish.net\/reality\/index.php\/wp-json\/wp\/v2\/pages\/19\/revisions"}],"predecessor-version":[{"id":23,"href":"https:\/\/fanbage.tepish.net\/reality\/index.php\/wp-json\/wp\/v2\/pages\/19\/revisions\/23"}],"wp:attachment":[{"href":"https:\/\/fanbage.tepish.net\/reality\/index.php\/wp-json\/wp\/v2\/media?parent=19"}],"curies":[{"name":"wp","href":"https:\/\/api.w.org\/{rel}","templated":true}]}}