{"id":35,"date":"2023-04-27T17:21:43","date_gmt":"2023-04-27T14:21:43","guid":{"rendered":"https:\/\/fanbage.tepish.net\/reality\/?page_id=35"},"modified":"2023-04-27T17:47:06","modified_gmt":"2023-04-27T14:47:06","slug":"selviytyjat","status":"publish","type":"page","link":"https:\/\/fanbage.tepish.net\/reality\/index.php\/selviytyjat\/","title":{"rendered":"Selviytyj\u00e4t"},"content":{"rendered":"\t\t<div data-elementor-type=\"wp-page\" data-elementor-id=\"35\" class=\"elementor elementor-35\">\n\t\t\t\t\t\t\t\t\t<section class=\"elementor-section elementor-top-section elementor-element elementor-element-ca8a4d9 elementor-section-boxed elementor-section-height-default elementor-section-height-default\" data-id=\"ca8a4d9\" data-element_type=\"section\" data-settings=\"{&quot;background_background&quot;:&quot;classic&quot;,&quot;_ha_eqh_enable&quot;:false}\">\n\t\t\t\t\t\t<div class=\"elementor-container elementor-column-gap-default\">\n\t\t\t\t\t<div class=\"elementor-column elementor-col-100 elementor-top-column elementor-element elementor-element-3812dcf\" data-id=\"3812dcf\" data-element_type=\"column\">\n\t\t\t<div class=\"elementor-widget-wrap elementor-element-populated\">\n\t\t\t\t\t\t\t\t<div class=\"elementor-element elementor-element-6c138b1 elementor-position-top elementor-vertical-align-top elementor-widget elementor-widget-image-box\" data-id=\"6c138b1\" data-element_type=\"widget\" data-widget_type=\"image-box.default\">\n\t\t\t\t<div class=\"elementor-widget-container\">\n\t\t\t<style>\/*! elementor - v3.12.2 - 23-04-2023 *\/\n.elementor-widget-image-box .elementor-image-box-content{width:100%}@media (min-width:768px){.elementor-widget-image-box.elementor-position-left .elementor-image-box-wrapper,.elementor-widget-image-box.elementor-position-right .elementor-image-box-wrapper{display:flex}.elementor-widget-image-box.elementor-position-right .elementor-image-box-wrapper{text-align:right;flex-direction:row-reverse}.elementor-widget-image-box.elementor-position-left .elementor-image-box-wrapper{text-align:left;flex-direction:row}.elementor-widget-image-box.elementor-position-top .elementor-image-box-img{margin:auto}.elementor-widget-image-box.elementor-vertical-align-top .elementor-image-box-wrapper{align-items:flex-start}.elementor-widget-image-box.elementor-vertical-align-middle .elementor-image-box-wrapper{align-items:center}.elementor-widget-image-box.elementor-vertical-align-bottom .elementor-image-box-wrapper{align-items:flex-end}}@media (max-width:767px){.elementor-widget-image-box .elementor-image-box-img{margin-left:auto!important;margin-right:auto!important;margin-bottom:15px}}.elementor-widget-image-box .elementor-image-box-img{display:inline-block}.elementor-widget-image-box .elementor-image-box-title a{color:inherit}.elementor-widget-image-box .elementor-image-box-wrapper{text-align:center}.elementor-widget-image-box .elementor-image-box-description{margin:0}<\/style><div class=\"elementor-image-box-wrapper\"><figure class=\"elementor-image-box-img\"><img decoding=\"async\" width=\"1920\" height=\"1080\" src=\"https:\/\/fanbage.tepish.net\/reality\/wp-content\/uploads\/2023\/04\/selvi.png\" class=\"attachment-full size-full wp-image-10\" alt=\"\" loading=\"lazy\" srcset=\"https:\/\/fanbage.tepish.net\/reality\/wp-content\/uploads\/2023\/04\/selvi.png 1920w, https:\/\/fanbage.tepish.net\/reality\/wp-content\/uploads\/2023\/04\/selvi-300x169.png 300w, https:\/\/fanbage.tepish.net\/reality\/wp-content\/uploads\/2023\/04\/selvi-1024x576.png 1024w, https:\/\/fanbage.tepish.net\/reality\/wp-content\/uploads\/2023\/04\/selvi-768x432.png 768w, https:\/\/fanbage.tepish.net\/reality\/wp-content\/uploads\/2023\/04\/selvi-1536x864.png 1536w\" sizes=\"(max-width: 1920px) 100vw, 1920px\" \/><\/figure><div class=\"elementor-image-box-content\"><div class=\"elementor-image-box-title\">Original\/Suomi<\/div><p class=\"elementor-image-box-description\">Selviytyj\u00e4t on ohjelma, jossa kilpailijat heitet\u00e4\u00e4n autioille maille (usein saari) kahteen joukkueeseen jaettuna.<\/p><\/div><\/div>\t\t<\/div>\n\t\t\t\t<\/div>\n\t\t\t\t\t<\/div>\n\t\t<\/div>\n\t\t\t\t\t\t\t<\/div>\n\t\t<\/section>\n\t\t\t\t<section class=\"elementor-section elementor-top-section elementor-element elementor-element-a471956 elementor-section-boxed elementor-section-height-default elementor-section-height-default\" data-id=\"a471956\" data-element_type=\"section\" data-settings=\"{&quot;background_background&quot;:&quot;classic&quot;,&quot;_ha_eqh_enable&quot;:false}\">\n\t\t\t\t\t\t<div class=\"elementor-container elementor-column-gap-default\">\n\t\t\t\t\t<div class=\"elementor-column elementor-col-100 elementor-top-column elementor-element elementor-element-c40073e\" data-id=\"c40073e\" data-element_type=\"column\">\n\t\t\t<div class=\"elementor-widget-wrap elementor-element-populated\">\n\t\t\t\t\t\t\t\t<div class=\"elementor-element elementor-element-a4b7d32 elementor-widget elementor-widget-text-editor\" data-id=\"a4b7d32\" data-element_type=\"widget\" data-widget_type=\"text-editor.default\">\n\t\t\t\t<div class=\"elementor-widget-container\">\n\t\t\t<style>\/*! elementor - v3.12.2 - 23-04-2023 *\/\n.elementor-widget-text-editor.elementor-drop-cap-view-stacked .elementor-drop-cap{background-color:#69727d;color:#fff}.elementor-widget-text-editor.elementor-drop-cap-view-framed .elementor-drop-cap{color:#69727d;border:3px solid;background-color:transparent}.elementor-widget-text-editor:not(.elementor-drop-cap-view-default) .elementor-drop-cap{margin-top:8px}.elementor-widget-text-editor:not(.elementor-drop-cap-view-default) .elementor-drop-cap-letter{width:1em;height:1em}.elementor-widget-text-editor .elementor-drop-cap{float:left;text-align:center;line-height:1;font-size:50px}.elementor-widget-text-editor .elementor-drop-cap-letter{display:inline-block}<\/style>\t\t\t\t<p>Selviytyj\u00e4t lyhyesti<\/p><p>Kilpailun alussa kahteen joukkueeseen jaettu kilpailija porukka heitet\u00e4\u00e4n omiin leireihins\u00e4, joissa heid\u00e4n on itse teht\u00e4v\u00e4 majoitus ja sanitetti tila, joita hy\u00e4dynt\u00e4v\u00e4t kilpailun aikana. Leiriss\u00e4 on yleens\u00e4 perustarvikkeet, kuten riisi\u00e4, viidakkoveitsi, vett\u00e4 ja muuta v\u00e4ltt\u00e4m\u00e4t\u00f6nt\u00e4.<\/p><p>Joukkueet kisaavat toisiaan vastaan kahdessa eri kilpailussa. Toisessa palkintokilpailussa on mahdollista hankkia hy\u00f6dykkeit\u00e4 tai sy\u00f6t\u00e4v\u00e4\u00e4 leiriin. Toinen on kilpailun kannalta se merkitt\u00e4vin, eli kilpaillaan siit\u00e4 kumpi joukkue joutuu heimoneuvostoon, jossa pelaajat h\u00e4\u00e4t\u00e4v\u00e4t joukostaan yhden kilpailijan.<\/p><p>T\u00e4ll\u00e4 kaavalla jatketaan ja yleens\u00e4 joukkueet sekoitetaan v\u00e4liss\u00e4, kunnes tapahtuu yhdistyminen jossa kaikki loput kilpailijat muodostavat yhden heimon. Kilpailu jatkuu, kunnes j\u00e4ljell\u00e4 on en\u00e4\u00e4 finaalistit jotka kisaavat viimeisist\u00e4 kahdesta paikasta, joista jury eli jo tippuneet kilpailijat, valitsevat voittajan.<\/p><p>Juryyn alkaa p\u00e4\u00e4st\u00e4 suunnilleen kisan puoliv\u00e4liss\u00e4, jolloin yhdistyminen on tapahtunut. Kilpailijoilla on mahdollista yhdistymisen j\u00e4lkeen pelastaa itsens\u00e4 voittamalla kilpailun jossa saa immuniteetin. Henkil\u00f6kohtaisia immuniteetti riipuksia voi l\u00f6yt\u00e4\u00e4 jo kisan alussapiilotettuna saarelta. Piilotettuna voi olla my\u00f6s muita hy\u00f6dytt\u00e4vi\u00e4 elementtej\u00e4 kaudesta riippuen. Kilpailuista saattaa my\u00f6s voittaa tupla\u00e4\u00e4ni\u00e4 taikka immuniteettej\u00e4, mutta n\u00e4m\u00e4 vaihtelee kausittain. Samoin sellainen voi olla kaupan esimerkiksi huutokaupassa taikka muissa kioski tyyppisiss\u00e4 osto paikoissa.<\/p><p>Kisan aikana on siis erilaisia elementtej\u00e4 ja k\u00e4\u00e4nteit\u00e4 kaudesta riippuen, jokainen kausi on yleens\u00e4 luonteeltaan omanlaisensa, vaikka perus runko pysyykin samana.<\/p><p>Kauden lopuksi jury valitsee voittajan \u00e4\u00e4nest\u00e4m\u00e4ll\u00e4 heimoneuvoston uurnaan, Amerikkalainen versio suorittaa loppu tohinan studiossa, jossa suorassa l\u00e4hetyksess\u00e4 ratkeaa voittaja, Suomessa kaikki tapahtuu samassa paikassa, kuin itse kilpailukin heimoneuvoston kokoontumis paikassa ja voittaja ratkeaa my\u00f6s siell\u00e4.<\/p><p>kilpailun voittaja saa voittopotin, joka originalissa on yleens\u00e4 miljoona dollaria, suomessa yleens\u00e4 30 000.<\/p>\t\t\t\t\t\t<\/div>\n\t\t\t\t<\/div>\n\t\t\t\t\t<\/div>\n\t\t<\/div>\n\t\t\t\t\t\t\t<\/div>\n\t\t<\/section>\n\t\t\t\t<section class=\"elementor-section elementor-top-section elementor-element elementor-element-ad697f8 elementor-section-boxed elementor-section-height-default elementor-section-height-default\" data-id=\"ad697f8\" data-element_type=\"section\" data-settings=\"{&quot;background_background&quot;:&quot;classic&quot;,&quot;_ha_eqh_enable&quot;:false}\">\n\t\t\t\t\t\t<div class=\"elementor-container elementor-column-gap-default\">\n\t\t\t\t\t<div class=\"elementor-column elementor-col-100 elementor-top-column elementor-element elementor-element-b6c3203\" data-id=\"b6c3203\" data-element_type=\"column\">\n\t\t\t<div class=\"elementor-widget-wrap elementor-element-populated\">\n\t\t\t\t\t\t\t\t<div class=\"elementor-element elementor-element-7de44d9 elementor-widget elementor-widget-text-editor\" data-id=\"7de44d9\" data-element_type=\"widget\" data-widget_type=\"text-editor.default\">\n\t\t\t\t<div class=\"elementor-widget-container\">\n\t\t\t\t\t\t\t<p>Oma Selviytyj\u00e4t historia:<\/p><p>Olen itse katsonut useita Suomessa esitettyj\u00e4 <b>Jeff Probstin<\/b>\u00a0 juontamia Amerikkalaisia versioita. Suomen versiot olen kaikki seurannut mukaanlukien aikoinaan olleet Seikkailu robinson versiot.<\/p><p>Amerikkalaisessa versiossa erityisen mielenkiintoista on ollut seurata sit\u00e4, kun joka kerta ollaan erimaisemissa ja kisassa on ollut aina mielenkiintoisia twistej\u00e4. T\u00e4m\u00e4 formaatti on tehnyt vaikutuksen monella tavalla, eik\u00e4 se ole Suomen versiossa k\u00e4rsinyt ihan kamlasti, vaikka sit\u00e4 tehd\u00e4\u00e4n palkintosummalla ja varmaan muullakin budjetilla v\u00e4h\u00e4n eri tasossa, kuin Amerikkalaista variaatiota.<\/p><p>Suomessa oli erityisen hauska n\u00e4hd\u00e4 hieman erilainen variantti, kun oltiin pohjolan viimassa l\u00e4mpimien paratiisien sijaan. Vaihtelu ja uudet seudut ovat t\u00e4ss\u00e4 formaatissa aina virkist\u00e4v\u00e4\u00e4.<\/p><p>On mielenkiintoista katsoa miten ihmiset p\u00e4rj\u00e4\u00e4v\u00e4t, kun kaikki on teht\u00e4v\u00e4 itse ja pelata siin\u00e4 samassa melko kiivasta peli\u00e4 muiden kilpailijoiden kesken.<\/p>\t\t\t\t\t\t<\/div>\n\t\t\t\t<\/div>\n\t\t\t\t\t<\/div>\n\t\t<\/div>\n\t\t\t\t\t\t\t<\/div>\n\t\t<\/section>\n\t\t\t\t\t\t\t<\/div>\n\t\t","protected":false},"excerpt":{"rendered":"<p>Original\/Suomi Selviytyj\u00e4t on ohjelma, jossa kilpailijat heitet\u00e4\u00e4n autioille maille (usein saari) kahteen joukkueeseen jaettuna. Selviytyj\u00e4t lyhyesti Kilpailun alussa kahteen joukkueeseen jaettu kilpailija porukka heitet\u00e4\u00e4n omiin leireihins\u00e4, joissa heid\u00e4n on itse teht\u00e4v\u00e4 majoitus ja sanitetti tila, joita hy\u00e4dynt\u00e4v\u00e4t kilpailun aikana. Leiriss\u00e4 on yleens\u00e4 perustarvikkeet, kuten riisi\u00e4, viidakkoveitsi, vett\u00e4 ja muuta v\u00e4ltt\u00e4m\u00e4t\u00f6nt\u00e4. Joukkueet kisaavat toisiaan vastaan kahdessa [&hellip;]<\/p>\n","protected":false},"author":1,"featured_media":0,"parent":0,"menu_order":0,"comment_status":"closed","ping_status":"closed","template":"","meta":[],"_links":{"self":[{"href":"https:\/\/fanbage.tepish.net\/reality\/index.php\/wp-json\/wp\/v2\/pages\/35"}],"collection":[{"href":"https:\/\/fanbage.tepish.net\/reality\/index.php\/wp-json\/wp\/v2\/pages"}],"about":[{"href":"https:\/\/fanbage.tepish.net\/reality\/index.php\/wp-json\/wp\/v2\/types\/page"}],"author":[{"embeddable":true,"href":"https:\/\/fanbage.tepish.net\/reality\/index.php\/wp-json\/wp\/v2\/users\/1"}],"replies":[{"embeddable":true,"href":"https:\/\/fanbage.tepish.net\/reality\/index.php\/wp-json\/wp\/v2\/comments?post=35"}],"version-history":[{"count":4,"href":"https:\/\/fanbage.tepish.net\/reality\/index.php\/wp-json\/wp\/v2\/pages\/35\/revisions"}],"predecessor-version":[{"id":39,"href":"https:\/\/fanbage.tepish.net\/reality\/index.php\/wp-json\/wp\/v2\/pages\/35\/revisions\/39"}],"wp:attachment":[{"href":"https:\/\/fanbage.tepish.net\/reality\/index.php\/wp-json\/wp\/v2\/media?parent=35"}],"curies":[{"name":"wp","href":"https:\/\/api.w.org\/{rel}","templated":true}]}}