{"id":43,"date":"2023-04-27T17:48:54","date_gmt":"2023-04-27T14:48:54","guid":{"rendered":"https:\/\/fanbage.tepish.net\/reality\/?page_id=43"},"modified":"2023-04-27T18:11:06","modified_gmt":"2023-04-27T15:11:06","slug":"farmi","status":"publish","type":"page","link":"https:\/\/fanbage.tepish.net\/reality\/index.php\/farmi\/","title":{"rendered":"Farmi"},"content":{"rendered":"\t\t<div data-elementor-type=\"wp-page\" data-elementor-id=\"43\" class=\"elementor elementor-43\">\n\t\t\t\t\t\t\t\t\t<section class=\"elementor-section elementor-top-section elementor-element elementor-element-ca8a4d9 elementor-section-boxed elementor-section-height-default elementor-section-height-default\" data-id=\"ca8a4d9\" data-element_type=\"section\" data-settings=\"{&quot;background_background&quot;:&quot;classic&quot;,&quot;_ha_eqh_enable&quot;:false}\">\n\t\t\t\t\t\t<div class=\"elementor-container elementor-column-gap-default\">\n\t\t\t\t\t<div class=\"elementor-column elementor-col-100 elementor-top-column elementor-element elementor-element-3812dcf\" data-id=\"3812dcf\" data-element_type=\"column\">\n\t\t\t<div class=\"elementor-widget-wrap elementor-element-populated\">\n\t\t\t\t\t\t\t\t<div class=\"elementor-element elementor-element-6c138b1 elementor-position-top elementor-vertical-align-top elementor-widget elementor-widget-image-box\" data-id=\"6c138b1\" data-element_type=\"widget\" data-widget_type=\"image-box.default\">\n\t\t\t\t<div class=\"elementor-widget-container\">\n\t\t\t<style>\/*! elementor - v3.12.2 - 23-04-2023 *\/\n.elementor-widget-image-box .elementor-image-box-content{width:100%}@media (min-width:768px){.elementor-widget-image-box.elementor-position-left .elementor-image-box-wrapper,.elementor-widget-image-box.elementor-position-right .elementor-image-box-wrapper{display:flex}.elementor-widget-image-box.elementor-position-right .elementor-image-box-wrapper{text-align:right;flex-direction:row-reverse}.elementor-widget-image-box.elementor-position-left .elementor-image-box-wrapper{text-align:left;flex-direction:row}.elementor-widget-image-box.elementor-position-top .elementor-image-box-img{margin:auto}.elementor-widget-image-box.elementor-vertical-align-top .elementor-image-box-wrapper{align-items:flex-start}.elementor-widget-image-box.elementor-vertical-align-middle .elementor-image-box-wrapper{align-items:center}.elementor-widget-image-box.elementor-vertical-align-bottom .elementor-image-box-wrapper{align-items:flex-end}}@media (max-width:767px){.elementor-widget-image-box .elementor-image-box-img{margin-left:auto!important;margin-right:auto!important;margin-bottom:15px}}.elementor-widget-image-box .elementor-image-box-img{display:inline-block}.elementor-widget-image-box .elementor-image-box-title a{color:inherit}.elementor-widget-image-box .elementor-image-box-wrapper{text-align:center}.elementor-widget-image-box .elementor-image-box-description{margin:0}<\/style><div class=\"elementor-image-box-wrapper\"><figure class=\"elementor-image-box-img\"><img decoding=\"async\" width=\"1920\" height=\"1080\" src=\"https:\/\/fanbage.tepish.net\/reality\/wp-content\/uploads\/2023\/04\/farmi.png\" class=\"attachment-full size-full wp-image-13\" alt=\"\" loading=\"lazy\" srcset=\"https:\/\/fanbage.tepish.net\/reality\/wp-content\/uploads\/2023\/04\/farmi.png 1920w, https:\/\/fanbage.tepish.net\/reality\/wp-content\/uploads\/2023\/04\/farmi-300x169.png 300w, https:\/\/fanbage.tepish.net\/reality\/wp-content\/uploads\/2023\/04\/farmi-1024x576.png 1024w, https:\/\/fanbage.tepish.net\/reality\/wp-content\/uploads\/2023\/04\/farmi-768x432.png 768w, https:\/\/fanbage.tepish.net\/reality\/wp-content\/uploads\/2023\/04\/farmi-1536x864.png 1536w\" sizes=\"(max-width: 1920px) 100vw, 1920px\" \/><\/figure><div class=\"elementor-image-box-content\"><div class=\"elementor-image-box-title\">FARMI Suomi<\/div><p class=\"elementor-image-box-description\">Farmi on ohjelma, jossa kilpailijat viett\u00e4v\u00e4t aikaa vanhanaikaiseen tyyliin Farmilla ja tekev\u00e4t pehtoorin antamia teht\u00e4vi\u00e4.<\/p><\/div><\/div>\t\t<\/div>\n\t\t\t\t<\/div>\n\t\t\t\t\t<\/div>\n\t\t<\/div>\n\t\t\t\t\t\t\t<\/div>\n\t\t<\/section>\n\t\t\t\t<section class=\"elementor-section elementor-top-section elementor-element elementor-element-a471956 elementor-section-boxed elementor-section-height-default elementor-section-height-default\" data-id=\"a471956\" data-element_type=\"section\" data-settings=\"{&quot;background_background&quot;:&quot;classic&quot;,&quot;_ha_eqh_enable&quot;:false}\">\n\t\t\t\t\t\t<div class=\"elementor-container elementor-column-gap-default\">\n\t\t\t\t\t<div class=\"elementor-column elementor-col-100 elementor-top-column elementor-element elementor-element-c40073e\" data-id=\"c40073e\" data-element_type=\"column\">\n\t\t\t<div class=\"elementor-widget-wrap elementor-element-populated\">\n\t\t\t\t\t\t\t\t<div class=\"elementor-element elementor-element-a4b7d32 elementor-widget elementor-widget-text-editor\" data-id=\"a4b7d32\" data-element_type=\"widget\" data-widget_type=\"text-editor.default\">\n\t\t\t\t<div class=\"elementor-widget-container\">\n\t\t\t<style>\/*! elementor - v3.12.2 - 23-04-2023 *\/\n.elementor-widget-text-editor.elementor-drop-cap-view-stacked .elementor-drop-cap{background-color:#69727d;color:#fff}.elementor-widget-text-editor.elementor-drop-cap-view-framed .elementor-drop-cap{color:#69727d;border:3px solid;background-color:transparent}.elementor-widget-text-editor:not(.elementor-drop-cap-view-default) .elementor-drop-cap{margin-top:8px}.elementor-widget-text-editor:not(.elementor-drop-cap-view-default) .elementor-drop-cap-letter{width:1em;height:1em}.elementor-widget-text-editor .elementor-drop-cap{float:left;text-align:center;line-height:1;font-size:50px}.elementor-widget-text-editor .elementor-drop-cap-letter{display:inline-block}<\/style>\t\t\t\t<p>Farmi lyhyesti<\/p><p>Kilpailun alussa kilpailijat saapuvat Farmille, joka on vanhaa farmi olosuhteita mukaileva tilus. Kilpailijat majoittuvat farmille ja sitten saapuu pehtoori. Pehtoori antaa kilpailijoille teht\u00e4vi\u00e4, jotka voivat olla alussa erilaisia rakentamisia, kuten aitauksia, kanalaa tms..<\/p><p>My\u00f6hemmin tulee yleens\u00e4 kevyemp\u00e4\u00e4kin teht\u00e4v\u00e4\u00e4, kuten farmilaulun tekeminen ja muuta luovempaa tekemista, sek\u00e4 ruoka aiheisia tekemisi\u00e4.<\/p><p>T\u00e4ss\u00e4 kaiken tohinan ohessa farmille valikoituu torppari, jonka yleens\u00e4 valitsee viimeksi pudonnut kilpailija. Torppari valitsee yhden kilpailijan, joka joutuu kaksintaisteluun valitsemansa kilpailijan kanssa areenalle. Areenalla kilpaillaan toisena valitun kilpailijan valitsemassa lajissa, joka on joku tiedon, taidon ja voiman joukosta.<\/p><p>Tiedossa on yleens\u00e4 tietokilpailua, taidossa jokin taitoa vaativa sahaus tai heitto teht\u00e4v\u00e4 ja voimassa usein kannatellaan jotankin. H\u00e4vinnyt l\u00e4htee kotia kohti, mutta kirjoittaa viel\u00e4 kirjeen jossa valitsee seuraavan torpparin. Voittajan matka farmilla jatkuu ja t\u00e4t\u00e4 jatkuu, kunnes finalistit ovat selvill\u00e4.<\/p><p>Loppukilpailussa selvi\u00e4\u00e4 se, kuka voittaa kauden ja lunastaa itselleen voitto summan, joka yleens\u00e4 on 30 000.<\/p>\t\t\t\t\t\t<\/div>\n\t\t\t\t<\/div>\n\t\t\t\t\t<\/div>\n\t\t<\/div>\n\t\t\t\t\t\t\t<\/div>\n\t\t<\/section>\n\t\t\t\t<section class=\"elementor-section elementor-top-section elementor-element elementor-element-ad697f8 elementor-section-boxed elementor-section-height-default elementor-section-height-default\" data-id=\"ad697f8\" data-element_type=\"section\" data-settings=\"{&quot;background_background&quot;:&quot;classic&quot;,&quot;_ha_eqh_enable&quot;:false}\">\n\t\t\t\t\t\t<div class=\"elementor-container elementor-column-gap-default\">\n\t\t\t\t\t<div class=\"elementor-column elementor-col-100 elementor-top-column elementor-element elementor-element-b6c3203\" data-id=\"b6c3203\" data-element_type=\"column\">\n\t\t\t<div class=\"elementor-widget-wrap elementor-element-populated\">\n\t\t\t\t\t\t\t\t<div class=\"elementor-element elementor-element-7de44d9 elementor-widget elementor-widget-text-editor\" data-id=\"7de44d9\" data-element_type=\"widget\" data-widget_type=\"text-editor.default\">\n\t\t\t\t<div class=\"elementor-widget-container\">\n\t\t\t\t\t\t\t<p>Oma Farmi historia:<\/p><p>Olen itse katsonut kaikki farmi kaudet ja jokseenkin t\u00e4m\u00e4 formaatti on viihdytt\u00e4nyt minua, siin\u00e4 mieless\u00e4, ett\u00e4 voi sanoa, ett\u00e4 olen ohjelman fani.<\/p><p>T\u00e4ss\u00e4kin on se elementti, ett\u00e4 on mielenkiintoista katsoa miten kilpailijat selviytyv\u00e4t, kun heid\u00e4t laitetaan t\u00e4ysin erilaiseen maailmaan, jossa tapaamme nyky\u00e4\u00e4n el\u00e4\u00e4. On teht\u00e4v\u00e4 maaseudun perus juttuja vanhaan tyyliin ja siihen p\u00e4\u00e4lle pehtoorin teht\u00e4v\u00e4t. Vesi ei kulje itsekseen ja sekin on haettava, kaikki askeettisuus ja ruuan kanssa oleva keksil\u00e4isyys (jota ehk\u00e4 v\u00e4h\u00e4n rikkoo parin viime kauden ammattikokki teema ohjelmassa) ja tuskaisuus miten tehd\u00e4 ruokaa x raakaaineista.<\/p><p>My\u00f6skin mielenkiintoista, kuten aina erilaisissa realityiss\u00e4 on psykologinen puoli&#8230; Miten ihmisen psyykeen kanssa pelataan ja miten kisaajat pelaavat psyykkist\u00e4 peli\u00e4. T\u00e4m\u00e4 on toki eri asia, kuin likainen psykologinen peli, johon osin mentiin 2022 Big Brotherissa. Kaikki t\u00e4m\u00e4 on mielenkiintoista seurattavaa ja siihen vain jotenkin j\u00e4m\u00e4ht\u00e4\u00e4 koukkuun.<\/p>\t\t\t\t\t\t<\/div>\n\t\t\t\t<\/div>\n\t\t\t\t\t<\/div>\n\t\t<\/div>\n\t\t\t\t\t\t\t<\/div>\n\t\t<\/section>\n\t\t\t\t\t\t\t<\/div>\n\t\t","protected":false},"excerpt":{"rendered":"<p>FARMI Suomi Farmi on ohjelma, jossa kilpailijat viett\u00e4v\u00e4t aikaa vanhanaikaiseen tyyliin Farmilla ja tekev\u00e4t pehtoorin antamia teht\u00e4vi\u00e4. Farmi lyhyesti Kilpailun alussa kilpailijat saapuvat Farmille, joka on vanhaa farmi olosuhteita mukaileva tilus. Kilpailijat majoittuvat farmille ja sitten saapuu pehtoori. Pehtoori antaa kilpailijoille teht\u00e4vi\u00e4, jotka voivat olla alussa erilaisia rakentamisia, kuten aitauksia, kanalaa tms.. My\u00f6hemmin tulee yleens\u00e4 [&hellip;]<\/p>\n","protected":false},"author":1,"featured_media":0,"parent":0,"menu_order":0,"comment_status":"closed","ping_status":"closed","template":"","meta":[],"_links":{"self":[{"href":"https:\/\/fanbage.tepish.net\/reality\/index.php\/wp-json\/wp\/v2\/pages\/43"}],"collection":[{"href":"https:\/\/fanbage.tepish.net\/reality\/index.php\/wp-json\/wp\/v2\/pages"}],"about":[{"href":"https:\/\/fanbage.tepish.net\/reality\/index.php\/wp-json\/wp\/v2\/types\/page"}],"author":[{"embeddable":true,"href":"https:\/\/fanbage.tepish.net\/reality\/index.php\/wp-json\/wp\/v2\/users\/1"}],"replies":[{"embeddable":true,"href":"https:\/\/fanbage.tepish.net\/reality\/index.php\/wp-json\/wp\/v2\/comments?post=43"}],"version-history":[{"count":7,"href":"https:\/\/fanbage.tepish.net\/reality\/index.php\/wp-json\/wp\/v2\/pages\/43\/revisions"}],"predecessor-version":[{"id":51,"href":"https:\/\/fanbage.tepish.net\/reality\/index.php\/wp-json\/wp\/v2\/pages\/43\/revisions\/51"}],"wp:attachment":[{"href":"https:\/\/fanbage.tepish.net\/reality\/index.php\/wp-json\/wp\/v2\/media?parent=43"}],"curies":[{"name":"wp","href":"https:\/\/api.w.org\/{rel}","templated":true}]}}