{"id":61,"date":"2023-04-27T18:13:50","date_gmt":"2023-04-27T15:13:50","guid":{"rendered":"https:\/\/fanbage.tepish.net\/reality\/?page_id=61"},"modified":"2023-04-27T18:34:31","modified_gmt":"2023-04-27T15:34:31","slug":"diili","status":"publish","type":"page","link":"https:\/\/fanbage.tepish.net\/reality\/index.php\/diili\/","title":{"rendered":"DIILI"},"content":{"rendered":"\t\t<div data-elementor-type=\"wp-page\" data-elementor-id=\"61\" class=\"elementor elementor-61\">\n\t\t\t\t\t\t\t\t\t<section class=\"elementor-section elementor-top-section elementor-element elementor-element-ca8a4d9 elementor-section-boxed elementor-section-height-default elementor-section-height-default\" data-id=\"ca8a4d9\" data-element_type=\"section\" data-settings=\"{&quot;background_background&quot;:&quot;classic&quot;,&quot;_ha_eqh_enable&quot;:false}\">\n\t\t\t\t\t\t<div class=\"elementor-container elementor-column-gap-default\">\n\t\t\t\t\t<div class=\"elementor-column elementor-col-100 elementor-top-column elementor-element elementor-element-3812dcf\" data-id=\"3812dcf\" data-element_type=\"column\">\n\t\t\t<div class=\"elementor-widget-wrap elementor-element-populated\">\n\t\t\t\t\t\t\t\t<div class=\"elementor-element elementor-element-6c138b1 elementor-position-top elementor-vertical-align-top elementor-widget elementor-widget-image-box\" data-id=\"6c138b1\" data-element_type=\"widget\" data-widget_type=\"image-box.default\">\n\t\t\t\t<div class=\"elementor-widget-container\">\n\t\t\t<style>\/*! elementor - v3.12.2 - 23-04-2023 *\/\n.elementor-widget-image-box .elementor-image-box-content{width:100%}@media (min-width:768px){.elementor-widget-image-box.elementor-position-left .elementor-image-box-wrapper,.elementor-widget-image-box.elementor-position-right .elementor-image-box-wrapper{display:flex}.elementor-widget-image-box.elementor-position-right .elementor-image-box-wrapper{text-align:right;flex-direction:row-reverse}.elementor-widget-image-box.elementor-position-left .elementor-image-box-wrapper{text-align:left;flex-direction:row}.elementor-widget-image-box.elementor-position-top .elementor-image-box-img{margin:auto}.elementor-widget-image-box.elementor-vertical-align-top .elementor-image-box-wrapper{align-items:flex-start}.elementor-widget-image-box.elementor-vertical-align-middle .elementor-image-box-wrapper{align-items:center}.elementor-widget-image-box.elementor-vertical-align-bottom .elementor-image-box-wrapper{align-items:flex-end}}@media (max-width:767px){.elementor-widget-image-box .elementor-image-box-img{margin-left:auto!important;margin-right:auto!important;margin-bottom:15px}}.elementor-widget-image-box .elementor-image-box-img{display:inline-block}.elementor-widget-image-box .elementor-image-box-title a{color:inherit}.elementor-widget-image-box .elementor-image-box-wrapper{text-align:center}.elementor-widget-image-box .elementor-image-box-description{margin:0}<\/style><div class=\"elementor-image-box-wrapper\"><figure class=\"elementor-image-box-img\"><img decoding=\"async\" width=\"1920\" height=\"1080\" src=\"https:\/\/fanbage.tepish.net\/reality\/wp-content\/uploads\/2023\/04\/DIILI.png\" class=\"attachment-full size-full wp-image-12\" alt=\"\" loading=\"lazy\" srcset=\"https:\/\/fanbage.tepish.net\/reality\/wp-content\/uploads\/2023\/04\/DIILI.png 1920w, https:\/\/fanbage.tepish.net\/reality\/wp-content\/uploads\/2023\/04\/DIILI-300x169.png 300w, https:\/\/fanbage.tepish.net\/reality\/wp-content\/uploads\/2023\/04\/DIILI-1024x576.png 1024w, https:\/\/fanbage.tepish.net\/reality\/wp-content\/uploads\/2023\/04\/DIILI-768x432.png 768w, https:\/\/fanbage.tepish.net\/reality\/wp-content\/uploads\/2023\/04\/DIILI-1536x864.png 1536w\" sizes=\"(max-width: 1920px) 100vw, 1920px\" \/><\/figure><div class=\"elementor-image-box-content\"><div class=\"elementor-image-box-title\">Original\/Suomi<\/div><p class=\"elementor-image-box-description\">Diili on reality, jossa etsit\u00e4\u00e4n yritykselle johtoportaan henkil\u00f6\u00e4<\/p><\/div><\/div>\t\t<\/div>\n\t\t\t\t<\/div>\n\t\t\t\t\t<\/div>\n\t\t<\/div>\n\t\t\t\t\t\t\t<\/div>\n\t\t<\/section>\n\t\t\t\t<section class=\"elementor-section elementor-top-section elementor-element elementor-element-a471956 elementor-section-boxed elementor-section-height-default elementor-section-height-default\" data-id=\"a471956\" data-element_type=\"section\" data-settings=\"{&quot;background_background&quot;:&quot;classic&quot;,&quot;_ha_eqh_enable&quot;:false}\">\n\t\t\t\t\t\t<div class=\"elementor-container elementor-column-gap-default\">\n\t\t\t\t\t<div class=\"elementor-column elementor-col-100 elementor-top-column elementor-element elementor-element-c40073e\" data-id=\"c40073e\" data-element_type=\"column\">\n\t\t\t<div class=\"elementor-widget-wrap elementor-element-populated\">\n\t\t\t\t\t\t\t\t<div class=\"elementor-element elementor-element-a4b7d32 elementor-widget elementor-widget-text-editor\" data-id=\"a4b7d32\" data-element_type=\"widget\" data-widget_type=\"text-editor.default\">\n\t\t\t\t<div class=\"elementor-widget-container\">\n\t\t\t<style>\/*! elementor - v3.12.2 - 23-04-2023 *\/\n.elementor-widget-text-editor.elementor-drop-cap-view-stacked .elementor-drop-cap{background-color:#69727d;color:#fff}.elementor-widget-text-editor.elementor-drop-cap-view-framed .elementor-drop-cap{color:#69727d;border:3px solid;background-color:transparent}.elementor-widget-text-editor:not(.elementor-drop-cap-view-default) .elementor-drop-cap{margin-top:8px}.elementor-widget-text-editor:not(.elementor-drop-cap-view-default) .elementor-drop-cap-letter{width:1em;height:1em}.elementor-widget-text-editor .elementor-drop-cap{float:left;text-align:center;line-height:1;font-size:50px}.elementor-widget-text-editor .elementor-drop-cap-letter{display:inline-block}<\/style>\t\t\t\t<p>DIILI lyhyesti<\/p><p>Diiliss\u00e4 kilpailijat hakevat ohjelman kautta ty\u00f6paikkaa Diili pomon firmaan tai uuteen perutettavaan tyt\u00e4ryhti\u00f6\u00f6n tms..<\/p><p>Kilpailijat jakautuvat kahteen tiimiin, jotka kilpailevat toisiaan vastaan. Diili pomo antaa kilpailijoille teht\u00e4vi\u00e4, joilla n\u00e4hd\u00e4\u00e4n kilpailijoiden vahvuuksia ja heikkouksia. Joukkuessa on aina projektinjohtaja, joka pyrkii viem\u00e4\u00e4n teht\u00e4v\u00e4n maaliin joukkueensa kanssa.<\/p><p>Teht\u00e4v\u00e4n j\u00e4lkeen joukkueet kokoontuvat johtoryhm\u00e4n eteen, jossa on Diili pomo, sek\u00e4 kaksi neuvonantajaa, jotka ovat seuranneet joukkueita teht\u00e4v\u00e4n aikana. H\u00e4vinnyt joukkue, eli se joka suoriutuu huonommin teht\u00e4v\u00e4st\u00e4, joutuu palaamaan johtoryhm\u00e4\u00e4n jossa projektinjohtaja valitsee kaksi muuta kilpailijaa tiputukseen. Voittajat l\u00e4htev\u00e4t nauttimaan palkinnosta.<\/p><p>H\u00e4vinneen joukkueen kilpailijat poistuvat ja kolme valittua kilpailijaa palaa my\u00f6hemmin takaisin, jossa Diili pomo jakaa tuomiot ja yksi tai useampi saa sormen osoituksella ja verbaalisti &#8220;s\u00e4 saat potkut&#8221;, eli tippuvat pelist\u00e4.<\/p><p>Lopulta peliss\u00e4 on en\u00e4\u00e4 kaksi kilpailijaa, joille tulee finaaliteht\u00e4v\u00e4, t\u00e4ss\u00e4 auttamaan tulee tyypillisesti jo tippuneita kilpailijoita. lopulta voittaja on selvill\u00e4 ja h\u00e4n saa Diili pomon tarjoaman ty\u00f6paikan.<\/p>\t\t\t\t\t\t<\/div>\n\t\t\t\t<\/div>\n\t\t\t\t\t<\/div>\n\t\t<\/div>\n\t\t\t\t\t\t\t<\/div>\n\t\t<\/section>\n\t\t\t\t<section class=\"elementor-section elementor-top-section elementor-element elementor-element-ad697f8 elementor-section-boxed elementor-section-height-default elementor-section-height-default\" data-id=\"ad697f8\" data-element_type=\"section\" data-settings=\"{&quot;background_background&quot;:&quot;classic&quot;,&quot;_ha_eqh_enable&quot;:false}\">\n\t\t\t\t\t\t<div class=\"elementor-container elementor-column-gap-default\">\n\t\t\t\t\t<div class=\"elementor-column elementor-col-100 elementor-top-column elementor-element elementor-element-b6c3203\" data-id=\"b6c3203\" data-element_type=\"column\">\n\t\t\t<div class=\"elementor-widget-wrap elementor-element-populated\">\n\t\t\t\t\t\t\t\t<div class=\"elementor-element elementor-element-7de44d9 elementor-widget elementor-widget-text-editor\" data-id=\"7de44d9\" data-element_type=\"widget\" data-widget_type=\"text-editor.default\">\n\t\t\t\t<div class=\"elementor-widget-container\">\n\t\t\t\t\t\t\t<p>Oma Diili historia:<\/p><p>Olen seurannut jonkin verran Amerikan Diilej\u00e4 mm. Arnold Shwarzenneggerin johtamina ja Suomessa Jari Sarasvuo, Hjallis Harkimo, sek\u00e4 Jaajo Linnonmaa ovat tulleet tutuiksi ja kilpailijoita laidastalaitaan.<\/p><p>T\u00e4m\u00e4 on mielenkiintoinen l\u00e4hinn\u00e4 ihmisten toiminnan seuraamisena, rahan per\u00e4ss\u00e4 juokseminen on itselle sen verran vieraampi teema. Kuitenkin on mielenkiintoista katsoa, miten kilpailijat p\u00e4rj\u00e4\u00e4v\u00e4t haastellisissa teht\u00e4viss\u00e4 ja pist\u00e4v\u00e4t itse\u00e4\u00e4n likoon. T\u00e4ss\u00e4kin itse\u00e4 h\u00e4iritsee aina jos on liian likaista peli\u00e4 ja muiden alas tallomista, se lienee j\u00e4\u00e4nne siit\u00e4 omasta koulukiusaamisesta, ett\u00e4 ei pid\u00e4 siit\u00e4 kun muita lyt\u00e4t\u00e4\u00e4n.<\/p>\t\t\t\t\t\t<\/div>\n\t\t\t\t<\/div>\n\t\t\t\t\t<\/div>\n\t\t<\/div>\n\t\t\t\t\t\t\t<\/div>\n\t\t<\/section>\n\t\t\t\t\t\t\t<\/div>\n\t\t","protected":false},"excerpt":{"rendered":"<p>Original\/Suomi Diili on reality, jossa etsit\u00e4\u00e4n yritykselle johtoportaan henkil\u00f6\u00e4 DIILI lyhyesti Diiliss\u00e4 kilpailijat hakevat ohjelman kautta ty\u00f6paikkaa Diili pomon firmaan tai uuteen perutettavaan tyt\u00e4ryhti\u00f6\u00f6n tms.. Kilpailijat jakautuvat kahteen tiimiin, jotka kilpailevat toisiaan vastaan. Diili pomo antaa kilpailijoille teht\u00e4vi\u00e4, joilla n\u00e4hd\u00e4\u00e4n kilpailijoiden vahvuuksia ja heikkouksia. Joukkuessa on aina projektinjohtaja, joka pyrkii viem\u00e4\u00e4n teht\u00e4v\u00e4n maaliin joukkueensa kanssa. [&hellip;]<\/p>\n","protected":false},"author":1,"featured_media":0,"parent":0,"menu_order":0,"comment_status":"closed","ping_status":"closed","template":"","meta":[],"_links":{"self":[{"href":"https:\/\/fanbage.tepish.net\/reality\/index.php\/wp-json\/wp\/v2\/pages\/61"}],"collection":[{"href":"https:\/\/fanbage.tepish.net\/reality\/index.php\/wp-json\/wp\/v2\/pages"}],"about":[{"href":"https:\/\/fanbage.tepish.net\/reality\/index.php\/wp-json\/wp\/v2\/types\/page"}],"author":[{"embeddable":true,"href":"https:\/\/fanbage.tepish.net\/reality\/index.php\/wp-json\/wp\/v2\/users\/1"}],"replies":[{"embeddable":true,"href":"https:\/\/fanbage.tepish.net\/reality\/index.php\/wp-json\/wp\/v2\/comments?post=61"}],"version-history":[{"count":4,"href":"https:\/\/fanbage.tepish.net\/reality\/index.php\/wp-json\/wp\/v2\/pages\/61\/revisions"}],"predecessor-version":[{"id":67,"href":"https:\/\/fanbage.tepish.net\/reality\/index.php\/wp-json\/wp\/v2\/pages\/61\/revisions\/67"}],"wp:attachment":[{"href":"https:\/\/fanbage.tepish.net\/reality\/index.php\/wp-json\/wp\/v2\/media?parent=61"}],"curies":[{"name":"wp","href":"https:\/\/api.w.org\/{rel}","templated":true}]}}