{"id":74,"date":"2023-04-27T18:35:54","date_gmt":"2023-04-27T15:35:54","guid":{"rendered":"https:\/\/fanbage.tepish.net\/reality\/?page_id=74"},"modified":"2023-04-27T19:00:08","modified_gmt":"2023-04-27T16:00:08","slug":"myyra","status":"publish","type":"page","link":"https:\/\/fanbage.tepish.net\/reality\/index.php\/myyra\/","title":{"rendered":"MYYR\u00c4"},"content":{"rendered":"\t\t<div data-elementor-type=\"wp-page\" data-elementor-id=\"74\" class=\"elementor elementor-74\">\n\t\t\t\t\t\t\t\t\t<section class=\"elementor-section elementor-top-section elementor-element elementor-element-ca8a4d9 elementor-section-boxed elementor-section-height-default elementor-section-height-default\" data-id=\"ca8a4d9\" data-element_type=\"section\" data-settings=\"{&quot;background_background&quot;:&quot;classic&quot;,&quot;_ha_eqh_enable&quot;:false}\">\n\t\t\t\t\t\t<div class=\"elementor-container elementor-column-gap-default\">\n\t\t\t\t\t<div class=\"elementor-column elementor-col-100 elementor-top-column elementor-element elementor-element-3812dcf\" data-id=\"3812dcf\" data-element_type=\"column\">\n\t\t\t<div class=\"elementor-widget-wrap elementor-element-populated\">\n\t\t\t\t\t\t\t\t<div class=\"elementor-element elementor-element-6c138b1 elementor-position-top elementor-vertical-align-top elementor-widget elementor-widget-image-box\" data-id=\"6c138b1\" data-element_type=\"widget\" data-widget_type=\"image-box.default\">\n\t\t\t\t<div class=\"elementor-widget-container\">\n\t\t\t<style>\/*! elementor - v3.12.2 - 23-04-2023 *\/\n.elementor-widget-image-box .elementor-image-box-content{width:100%}@media (min-width:768px){.elementor-widget-image-box.elementor-position-left .elementor-image-box-wrapper,.elementor-widget-image-box.elementor-position-right .elementor-image-box-wrapper{display:flex}.elementor-widget-image-box.elementor-position-right .elementor-image-box-wrapper{text-align:right;flex-direction:row-reverse}.elementor-widget-image-box.elementor-position-left .elementor-image-box-wrapper{text-align:left;flex-direction:row}.elementor-widget-image-box.elementor-position-top .elementor-image-box-img{margin:auto}.elementor-widget-image-box.elementor-vertical-align-top .elementor-image-box-wrapper{align-items:flex-start}.elementor-widget-image-box.elementor-vertical-align-middle .elementor-image-box-wrapper{align-items:center}.elementor-widget-image-box.elementor-vertical-align-bottom .elementor-image-box-wrapper{align-items:flex-end}}@media (max-width:767px){.elementor-widget-image-box .elementor-image-box-img{margin-left:auto!important;margin-right:auto!important;margin-bottom:15px}}.elementor-widget-image-box .elementor-image-box-img{display:inline-block}.elementor-widget-image-box .elementor-image-box-title a{color:inherit}.elementor-widget-image-box .elementor-image-box-wrapper{text-align:center}.elementor-widget-image-box .elementor-image-box-description{margin:0}<\/style><div class=\"elementor-image-box-wrapper\"><figure class=\"elementor-image-box-img\"><img decoding=\"async\" width=\"1920\" height=\"1080\" src=\"https:\/\/fanbage.tepish.net\/reality\/wp-content\/uploads\/2023\/04\/myyra.png\" class=\"attachment-full size-full wp-image-11\" alt=\"\" loading=\"lazy\" srcset=\"https:\/\/fanbage.tepish.net\/reality\/wp-content\/uploads\/2023\/04\/myyra.png 1920w, https:\/\/fanbage.tepish.net\/reality\/wp-content\/uploads\/2023\/04\/myyra-300x169.png 300w, https:\/\/fanbage.tepish.net\/reality\/wp-content\/uploads\/2023\/04\/myyra-1024x576.png 1024w, https:\/\/fanbage.tepish.net\/reality\/wp-content\/uploads\/2023\/04\/myyra-768x432.png 768w, https:\/\/fanbage.tepish.net\/reality\/wp-content\/uploads\/2023\/04\/myyra-1536x864.png 1536w\" sizes=\"(max-width: 1920px) 100vw, 1920px\" \/><\/figure><div class=\"elementor-image-box-content\"><div class=\"elementor-image-box-title\">Original\/Suomi<\/div><p class=\"elementor-image-box-description\">Kuka on Myyr\u00f6? Kysyt\u00e4\u00e4n ohjelmassa, jossa joukko kilpailijoita matkustaa johonkin kohteeseen selvitt\u00e4m\u00e4\u00e4n joukossaan olevaa myyr\u00e4\u00e4.<\/p><\/div><\/div>\t\t<\/div>\n\t\t\t\t<\/div>\n\t\t\t\t\t<\/div>\n\t\t<\/div>\n\t\t\t\t\t\t\t<\/div>\n\t\t<\/section>\n\t\t\t\t<section class=\"elementor-section elementor-top-section elementor-element elementor-element-a471956 elementor-section-boxed elementor-section-height-default elementor-section-height-default\" data-id=\"a471956\" data-element_type=\"section\" data-settings=\"{&quot;background_background&quot;:&quot;classic&quot;,&quot;_ha_eqh_enable&quot;:false}\">\n\t\t\t\t\t\t<div class=\"elementor-container elementor-column-gap-default\">\n\t\t\t\t\t<div class=\"elementor-column elementor-col-100 elementor-top-column elementor-element elementor-element-c40073e\" data-id=\"c40073e\" data-element_type=\"column\">\n\t\t\t<div class=\"elementor-widget-wrap elementor-element-populated\">\n\t\t\t\t\t\t\t\t<div class=\"elementor-element elementor-element-a4b7d32 elementor-widget elementor-widget-text-editor\" data-id=\"a4b7d32\" data-element_type=\"widget\" data-widget_type=\"text-editor.default\">\n\t\t\t\t<div class=\"elementor-widget-container\">\n\t\t\t<style>\/*! elementor - v3.12.2 - 23-04-2023 *\/\n.elementor-widget-text-editor.elementor-drop-cap-view-stacked .elementor-drop-cap{background-color:#69727d;color:#fff}.elementor-widget-text-editor.elementor-drop-cap-view-framed .elementor-drop-cap{color:#69727d;border:3px solid;background-color:transparent}.elementor-widget-text-editor:not(.elementor-drop-cap-view-default) .elementor-drop-cap{margin-top:8px}.elementor-widget-text-editor:not(.elementor-drop-cap-view-default) .elementor-drop-cap-letter{width:1em;height:1em}.elementor-widget-text-editor .elementor-drop-cap{float:left;text-align:center;line-height:1;font-size:50px}.elementor-widget-text-editor .elementor-drop-cap-letter{display:inline-block}<\/style>\t\t\t\t<p>MYYR\u00c4 lyhyesti<\/p><p>Myyr\u00e4 kilpailijat matkaavat johonkin ulkomaan kohteeseen, jossa he suorittavat teht\u00e4vi\u00e4 kartuttakseen myyr\u00e4 pottia.<\/p><p>Myyr\u00e4 on etuk\u00e4teen valittu kilpailija, joka on tuotannon ohjeesta sabotoimassa muiden kilpailua. Kilpailijat saavat aina teht\u00e4vist\u00e4 myyr\u00e4pottiin rahaa, taikka henkil\u00f6kohtaisia hy\u00f6tyj\u00e4, kuten immuniteetti tai jokeri.<\/p><p>Kun on kisattu jakson kilpailut l\u00e4pi kilpailijat suorittavat myyr\u00e4 testin, jossa heikoimmin myyr\u00e4n j\u00e4ljill\u00e4 ollut kilpailija putoaa pelist\u00e4.<\/p><p>Lopussa kaikkien kisojen j\u00e4lkeen j\u00e4ljell\u00e4 on kolme kisaajaa, joista kaksi on kilpailijoita ja yksi myyr\u00e4. Sitten toinen kilpailijoista, joka on paremmin myyr\u00e4n j\u00e4ljill\u00e4 voittaa myyr\u00e4 kilpailun.<\/p>\t\t\t\t\t\t<\/div>\n\t\t\t\t<\/div>\n\t\t\t\t\t<\/div>\n\t\t<\/div>\n\t\t\t\t\t\t\t<\/div>\n\t\t<\/section>\n\t\t\t\t<section class=\"elementor-section elementor-top-section elementor-element elementor-element-ad697f8 elementor-section-boxed elementor-section-height-default elementor-section-height-default\" data-id=\"ad697f8\" data-element_type=\"section\" data-settings=\"{&quot;background_background&quot;:&quot;classic&quot;,&quot;_ha_eqh_enable&quot;:false}\">\n\t\t\t\t\t\t<div class=\"elementor-container elementor-column-gap-default\">\n\t\t\t\t\t<div class=\"elementor-column elementor-col-100 elementor-top-column elementor-element elementor-element-b6c3203\" data-id=\"b6c3203\" data-element_type=\"column\">\n\t\t\t<div class=\"elementor-widget-wrap elementor-element-populated\">\n\t\t\t\t\t\t\t\t<div class=\"elementor-element elementor-element-7de44d9 elementor-widget elementor-widget-text-editor\" data-id=\"7de44d9\" data-element_type=\"widget\" data-widget_type=\"text-editor.default\">\n\t\t\t\t<div class=\"elementor-widget-container\">\n\t\t\t\t\t\t\t<p>Oma Myyr\u00e4 historia:<\/p><p>Olen myyr\u00e4\u00e4 seurannut kaikki kolme kautta. Aluksi kisaajat olivat taviksi, mutta kakkonen ja kolmonen ovat olleet julkkis kausia.<\/p><p>Myyr\u00e4\u00e4 on kiva seurata ja koittaa itsekkin p\u00e4\u00e4st\u00e4 myyr\u00e4n j\u00e4ljille. On hauska katsoa kilpailijoiden touhua ja sit\u00e4 miten teht\u00e4v\u00e4t sujuu. My\u00f6s j\u00e4nn\u00e4 seurata sit\u00e4 miten myyr\u00e4 sabotoi ja viimeist\u00e4\u00e4n finaalissa saa selville miten kaikilla tavoin on sabotoutu kilpailua.<\/p>\t\t\t\t\t\t<\/div>\n\t\t\t\t<\/div>\n\t\t\t\t\t<\/div>\n\t\t<\/div>\n\t\t\t\t\t\t\t<\/div>\n\t\t<\/section>\n\t\t\t\t\t\t\t<\/div>\n\t\t","protected":false},"excerpt":{"rendered":"<p>Original\/Suomi Kuka on Myyr\u00f6? Kysyt\u00e4\u00e4n ohjelmassa, jossa joukko kilpailijoita matkustaa johonkin kohteeseen selvitt\u00e4m\u00e4\u00e4n joukossaan olevaa myyr\u00e4\u00e4. MYYR\u00c4 lyhyesti Myyr\u00e4 kilpailijat matkaavat johonkin ulkomaan kohteeseen, jossa he suorittavat teht\u00e4vi\u00e4 kartuttakseen myyr\u00e4 pottia. Myyr\u00e4 on etuk\u00e4teen valittu kilpailija, joka on tuotannon ohjeesta sabotoimassa muiden kilpailua. Kilpailijat saavat aina teht\u00e4vist\u00e4 myyr\u00e4pottiin rahaa, taikka henkil\u00f6kohtaisia hy\u00f6tyj\u00e4, kuten immuniteetti tai [&hellip;]<\/p>\n","protected":false},"author":1,"featured_media":0,"parent":0,"menu_order":0,"comment_status":"closed","ping_status":"closed","template":"","meta":[],"_links":{"self":[{"href":"https:\/\/fanbage.tepish.net\/reality\/index.php\/wp-json\/wp\/v2\/pages\/74"}],"collection":[{"href":"https:\/\/fanbage.tepish.net\/reality\/index.php\/wp-json\/wp\/v2\/pages"}],"about":[{"href":"https:\/\/fanbage.tepish.net\/reality\/index.php\/wp-json\/wp\/v2\/types\/page"}],"author":[{"embeddable":true,"href":"https:\/\/fanbage.tepish.net\/reality\/index.php\/wp-json\/wp\/v2\/users\/1"}],"replies":[{"embeddable":true,"href":"https:\/\/fanbage.tepish.net\/reality\/index.php\/wp-json\/wp\/v2\/comments?post=74"}],"version-history":[{"count":7,"href":"https:\/\/fanbage.tepish.net\/reality\/index.php\/wp-json\/wp\/v2\/pages\/74\/revisions"}],"predecessor-version":[{"id":82,"href":"https:\/\/fanbage.tepish.net\/reality\/index.php\/wp-json\/wp\/v2\/pages\/74\/revisions\/82"}],"wp:attachment":[{"href":"https:\/\/fanbage.tepish.net\/reality\/index.php\/wp-json\/wp\/v2\/media?parent=74"}],"curies":[{"name":"wp","href":"https:\/\/api.w.org\/{rel}","templated":true}]}}