{"id":86,"date":"2023-04-27T19:02:13","date_gmt":"2023-04-27T16:02:13","guid":{"rendered":"https:\/\/fanbage.tepish.net\/reality\/?page_id=86"},"modified":"2023-09-08T16:04:50","modified_gmt":"2023-09-08T13:04:50","slug":"the-traitors","status":"publish","type":"page","link":"https:\/\/fanbage.tepish.net\/reality\/index.php\/the-traitors\/","title":{"rendered":"The traitors"},"content":{"rendered":"\t\t<div data-elementor-type=\"wp-page\" data-elementor-id=\"86\" class=\"elementor elementor-86\">\n\t\t\t\t\t\t\t\t\t<section class=\"elementor-section elementor-top-section elementor-element elementor-element-ca8a4d9 elementor-section-boxed elementor-section-height-default elementor-section-height-default\" data-id=\"ca8a4d9\" data-element_type=\"section\" data-settings=\"{&quot;background_background&quot;:&quot;classic&quot;,&quot;_ha_eqh_enable&quot;:false}\">\n\t\t\t\t\t\t<div class=\"elementor-container elementor-column-gap-default\">\n\t\t\t\t\t<div class=\"elementor-column elementor-col-100 elementor-top-column elementor-element elementor-element-3812dcf\" data-id=\"3812dcf\" data-element_type=\"column\">\n\t\t\t<div class=\"elementor-widget-wrap elementor-element-populated\">\n\t\t\t\t\t\t\t\t<div class=\"elementor-element elementor-element-6c138b1 elementor-position-top elementor-vertical-align-top elementor-widget elementor-widget-image-box\" data-id=\"6c138b1\" data-element_type=\"widget\" data-widget_type=\"image-box.default\">\n\t\t\t\t<div class=\"elementor-widget-container\">\n\t\t\t<style>\/*! elementor - v3.12.2 - 23-04-2023 *\/\n.elementor-widget-image-box .elementor-image-box-content{width:100%}@media (min-width:768px){.elementor-widget-image-box.elementor-position-left .elementor-image-box-wrapper,.elementor-widget-image-box.elementor-position-right .elementor-image-box-wrapper{display:flex}.elementor-widget-image-box.elementor-position-right .elementor-image-box-wrapper{text-align:right;flex-direction:row-reverse}.elementor-widget-image-box.elementor-position-left .elementor-image-box-wrapper{text-align:left;flex-direction:row}.elementor-widget-image-box.elementor-position-top .elementor-image-box-img{margin:auto}.elementor-widget-image-box.elementor-vertical-align-top .elementor-image-box-wrapper{align-items:flex-start}.elementor-widget-image-box.elementor-vertical-align-middle .elementor-image-box-wrapper{align-items:center}.elementor-widget-image-box.elementor-vertical-align-bottom .elementor-image-box-wrapper{align-items:flex-end}}@media (max-width:767px){.elementor-widget-image-box .elementor-image-box-img{margin-left:auto!important;margin-right:auto!important;margin-bottom:15px}}.elementor-widget-image-box .elementor-image-box-img{display:inline-block}.elementor-widget-image-box .elementor-image-box-title a{color:inherit}.elementor-widget-image-box .elementor-image-box-wrapper{text-align:center}.elementor-widget-image-box .elementor-image-box-description{margin:0}<\/style><div class=\"elementor-image-box-wrapper\"><figure class=\"elementor-image-box-img\"><img decoding=\"async\" width=\"1190\" height=\"839\" src=\"https:\/\/fanbage.tepish.net\/reality\/wp-content\/uploads\/2023\/04\/traitors.gif\" class=\"attachment-full size-full wp-image-18\" alt=\"\" loading=\"lazy\" \/><\/figure><div class=\"elementor-image-box-content\"><div class=\"elementor-image-box-title\">FARMI Suomi<\/div><p class=\"elementor-image-box-description\">The traitors on ohjelma, jossa kilpailijoita pidet\u00e4\u00e4n vanhassa linnassa ja osa heist\u00e4 on pettureita, jotka pyrkiv\u00e4t sabotoimaan uskollisten peli\u00e4.<\/p><\/div><\/div>\t\t<\/div>\n\t\t\t\t<\/div>\n\t\t\t\t\t<\/div>\n\t\t<\/div>\n\t\t\t\t\t\t\t<\/div>\n\t\t<\/section>\n\t\t\t\t<section class=\"elementor-section elementor-top-section elementor-element elementor-element-a471956 elementor-section-boxed elementor-section-height-default elementor-section-height-default\" data-id=\"a471956\" data-element_type=\"section\" data-settings=\"{&quot;background_background&quot;:&quot;classic&quot;,&quot;_ha_eqh_enable&quot;:false}\">\n\t\t\t\t\t\t<div class=\"elementor-container elementor-column-gap-default\">\n\t\t\t\t\t<div class=\"elementor-column elementor-col-100 elementor-top-column elementor-element elementor-element-c40073e\" data-id=\"c40073e\" data-element_type=\"column\">\n\t\t\t<div class=\"elementor-widget-wrap elementor-element-populated\">\n\t\t\t\t\t\t\t\t<div class=\"elementor-element elementor-element-a4b7d32 elementor-widget elementor-widget-text-editor\" data-id=\"a4b7d32\" data-element_type=\"widget\" data-widget_type=\"text-editor.default\">\n\t\t\t\t<div class=\"elementor-widget-container\">\n\t\t\t<style>\/*! elementor - v3.12.2 - 23-04-2023 *\/\n.elementor-widget-text-editor.elementor-drop-cap-view-stacked .elementor-drop-cap{background-color:#69727d;color:#fff}.elementor-widget-text-editor.elementor-drop-cap-view-framed .elementor-drop-cap{color:#69727d;border:3px solid;background-color:transparent}.elementor-widget-text-editor:not(.elementor-drop-cap-view-default) .elementor-drop-cap{margin-top:8px}.elementor-widget-text-editor:not(.elementor-drop-cap-view-default) .elementor-drop-cap-letter{width:1em;height:1em}.elementor-widget-text-editor .elementor-drop-cap{float:left;text-align:center;line-height:1;font-size:50px}.elementor-widget-text-editor .elementor-drop-cap-letter{display:inline-block}<\/style>\t\t\t\t<p>Traitors lyhyesti<\/p><p>The traitors on Britanniassa 2022 alkanut uusi formaatti, joka on jo nyt 2023 adaptoitu Suomeen.<\/p><p>Kilpailijat asettuvat linnaan, jossa heid\u00e4n on m\u00e4\u00e4r\u00e4 kilpailla mm. palkintosummaan vaikuttavissa teht\u00e4viss\u00e4.<\/p><p>Kilpailijat \u00e4\u00e4nest\u00e4v\u00e4t py\u00f6re\u00e4np\u00f6yd\u00e4n kokouksessa yhden kilpailijan pois, uskollisten tietenkin on tarkoitus eliminoida pettureita . Pettureilla on mahdollisuus &#8220;tappaa&#8221; yksi kilpailija, joka poistuu v\u00e4litt\u00f6m\u00e4sti kisasta ja muut huomaavat asian vasta seuraavana aamuna.<\/p><p>Kilpailun voittaa joko uskolliset, mik\u00e4li lopussa kaikki petturit on eliminoitu.. Mik\u00e4li pettureita on yksikin mukana voittaa petturit kisan.<\/p><p>Kisan aikana on mahdollisuus voittaa immuniteetti kilpi, joka suojaa murhaa vastaan, mutta ei \u00e4\u00e4nestyst\u00e4.<\/p>\t\t\t\t\t\t<\/div>\n\t\t\t\t<\/div>\n\t\t\t\t\t<\/div>\n\t\t<\/div>\n\t\t\t\t\t\t\t<\/div>\n\t\t<\/section>\n\t\t\t\t<section class=\"elementor-section elementor-top-section elementor-element elementor-element-ad697f8 elementor-section-boxed elementor-section-height-default elementor-section-height-default\" data-id=\"ad697f8\" data-element_type=\"section\" data-settings=\"{&quot;background_background&quot;:&quot;classic&quot;,&quot;_ha_eqh_enable&quot;:false}\">\n\t\t\t\t\t\t<div class=\"elementor-container elementor-column-gap-default\">\n\t\t\t\t\t<div class=\"elementor-column elementor-col-100 elementor-top-column elementor-element elementor-element-b6c3203\" data-id=\"b6c3203\" data-element_type=\"column\">\n\t\t\t<div class=\"elementor-widget-wrap elementor-element-populated\">\n\t\t\t\t\t\t\t\t<div class=\"elementor-element elementor-element-7de44d9 elementor-widget elementor-widget-text-editor\" data-id=\"7de44d9\" data-element_type=\"widget\" data-widget_type=\"text-editor.default\">\n\t\t\t\t<div class=\"elementor-widget-container\">\n\t\t\t\t\t\t\t<p>Oma The traitors historia:<\/p><p>Ohjelma on niin uusi, ett\u00e4 ei ole mit\u00e4\u00e4n muuta kokemusta, kuin selostus siit\u00e4 miten ohjelma toimii.<\/p><p>Kuitenkin formaatti vaikuttaa niin mielenkiintoiselle psykologiselle ja pelilliselle realitylle, ett\u00e4 olen jo valmiiksi fani. Uskoisin t\u00e4m\u00e4n olevan hyv\u00e4 ohjelma, kunhan sit\u00e4 saa n\u00e4ht\u00e4v\u00e4ksi.. Olisi kiva n\u00e4hd\u00e4 ulkomaalainenkin versio tietenkin, ennen Suomalaista mutta tuleeko se n\u00e4ht\u00e4v\u00e4ksi?<\/p>\t\t\t\t\t\t<\/div>\n\t\t\t\t<\/div>\n\t\t\t\t\t<\/div>\n\t\t<\/div>\n\t\t\t\t\t\t\t<\/div>\n\t\t<\/section>\n\t\t\t\t<section class=\"elementor-section elementor-top-section elementor-element elementor-element-af6599d elementor-section-boxed elementor-section-height-default elementor-section-height-default\" data-id=\"af6599d\" data-element_type=\"section\" data-settings=\"{&quot;_ha_eqh_enable&quot;:false}\">\n\t\t\t\t\t\t<div class=\"elementor-container elementor-column-gap-default\">\n\t\t\t\t\t<div class=\"elementor-column elementor-col-100 elementor-top-column elementor-element elementor-element-8d5006f\" data-id=\"8d5006f\" data-element_type=\"column\">\n\t\t\t<div class=\"elementor-widget-wrap elementor-element-populated\">\n\t\t\t\t\t\t\t\t<div class=\"elementor-element elementor-element-233e64e elementor-widget elementor-widget-text-editor\" data-id=\"233e64e\" data-element_type=\"widget\" data-widget_type=\"text-editor.default\">\n\t\t\t\t<div class=\"elementor-widget-container\">\n\t\t\t\t\t\t\t<p>Ensimm\u00e4inen jakso n\u00e4hty.. Alku melko lupaava, hieman kuultaa l\u00e4pi suomalainen tuotannon niukkuus, mutta muutoin periaatteessa erinomainen reality. Suurimmat puutteet ovat 1-jaksojen v\u00e4hyys 2-Ei ylim\u00e4\u00e4r\u00e4ist\u00e4 jaksoa ruutu + palveluun 3-Pieni budjetti kuultaa l\u00e4pi, vaikkakin sekin on eritt\u00e4in hyvin k\u00e4ytetty (huom! Pieni budjetti on oma olettamus perustuen yleiseen suomen tv:n pieniin budjetteihin suhteessa esim. Britti tai Amerikan tuotaontoihin, joiden palkintopottikin on yleens\u00e4 n. miljoona dollaria). Petollisten valinnat ovat hyv\u00e4t, eik\u00e4 liian ilmeiset ja siksi lupaa hyv\u00e4\u00e4 jatkon kannalta.<\/p>\t\t\t\t\t\t<\/div>\n\t\t\t\t<\/div>\n\t\t\t\t\t<\/div>\n\t\t<\/div>\n\t\t\t\t\t\t\t<\/div>\n\t\t<\/section>\n\t\t\t\t\t\t\t<\/div>\n\t\t","protected":false},"excerpt":{"rendered":"<p>FARMI Suomi The traitors on ohjelma, jossa kilpailijoita pidet\u00e4\u00e4n vanhassa linnassa ja osa heist\u00e4 on pettureita, jotka pyrkiv\u00e4t sabotoimaan uskollisten peli\u00e4. Traitors lyhyesti The traitors on Britanniassa 2022 alkanut uusi formaatti, joka on jo nyt 2023 adaptoitu Suomeen. Kilpailijat asettuvat linnaan, jossa heid\u00e4n on m\u00e4\u00e4r\u00e4 kilpailla mm. palkintosummaan vaikuttavissa teht\u00e4viss\u00e4. Kilpailijat \u00e4\u00e4nest\u00e4v\u00e4t py\u00f6re\u00e4np\u00f6yd\u00e4n kokouksessa yhden [&hellip;]<\/p>\n","protected":false},"author":1,"featured_media":0,"parent":0,"menu_order":0,"comment_status":"closed","ping_status":"closed","template":"","meta":[],"_links":{"self":[{"href":"https:\/\/fanbage.tepish.net\/reality\/index.php\/wp-json\/wp\/v2\/pages\/86"}],"collection":[{"href":"https:\/\/fanbage.tepish.net\/reality\/index.php\/wp-json\/wp\/v2\/pages"}],"about":[{"href":"https:\/\/fanbage.tepish.net\/reality\/index.php\/wp-json\/wp\/v2\/types\/page"}],"author":[{"embeddable":true,"href":"https:\/\/fanbage.tepish.net\/reality\/index.php\/wp-json\/wp\/v2\/users\/1"}],"replies":[{"embeddable":true,"href":"https:\/\/fanbage.tepish.net\/reality\/index.php\/wp-json\/wp\/v2\/comments?post=86"}],"version-history":[{"count":7,"href":"https:\/\/fanbage.tepish.net\/reality\/index.php\/wp-json\/wp\/v2\/pages\/86\/revisions"}],"predecessor-version":[{"id":103,"href":"https:\/\/fanbage.tepish.net\/reality\/index.php\/wp-json\/wp\/v2\/pages\/86\/revisions\/103"}],"wp:attachment":[{"href":"https:\/\/fanbage.tepish.net\/reality\/index.php\/wp-json\/wp\/v2\/media?parent=86"}],"curies":[{"name":"wp","href":"https:\/\/api.w.org\/{rel}","templated":true}]}}